{"id":885,"date":"2024-01-18T17:52:20","date_gmt":"2024-01-18T20:52:20","guid":{"rendered":"https:\/\/advocaciaparaconcursos.com.br\/lp\/?page_id=885"},"modified":"2024-04-08T15:43:02","modified_gmt":"2024-04-08T18:43:02","slug":"atendimento-redirecionamento-teste-psicotecnico","status":"publish","type":"page","link":"https:\/\/advocaciaparaconcursos.com.br\/lp\/atendimento-redirecionamento-teste-psicotecnico\/","title":{"rendered":"Atendimento redirecionamento psicot\u00e9cnico"},"content":{"rendered":"\t\t<div data-elementor-type=\"wp-page\" data-elementor-id=\"885\" class=\"elementor elementor-885\" data-elementor-settings=\"{&quot;ha_cmc_init_switcher&quot;:&quot;no&quot;}\" data-elementor-post-type=\"page\">\n\t\t\t\t<div class=\"elementor-element elementor-element-6a1fca7 e-flex e-con-boxed e-con e-parent\" data-id=\"6a1fca7\" data-element_type=\"container\" data-e-type=\"container\" data-settings=\"{&quot;background_background&quot;:&quot;classic&quot;,&quot;_ha_eqh_enable&quot;:false}\">\n\t\t\t\t\t<div class=\"e-con-inner\">\n\t\t\t\t<div class=\"elementor-element elementor-element-79cc21e elementor-widget elementor-widget-image\" data-id=\"79cc21e\" data-element_type=\"widget\" data-e-type=\"widget\" data-widget_type=\"image.default\">\n\t\t\t\t<div class=\"elementor-widget-container\">\n\t\t\t\t\t\t\t\t\t\t\t\t\t\t\t<img fetchpriority=\"high\" decoding=\"async\" width=\"800\" height=\"800\" src=\"https:\/\/advocaciaparaconcursos.com.br\/lp\/wp-content\/uploads\/2023\/12\/LOGO-MATTOZO-FREITAS-06.svg\" class=\"attachment-large size-large wp-image-25\" alt=\"\" \/>\t\t\t\t\t\t\t\t\t\t\t\t\t\t\t<\/div>\n\t\t\t\t<\/div>\n\t\t\t\t<div class=\"elementor-element elementor-element-c6deb03 elementor-widget elementor-widget-text-editor\" data-id=\"c6deb03\" data-element_type=\"widget\" data-e-type=\"widget\" data-widget_type=\"text-editor.default\">\n\t\t\t\t<div class=\"elementor-widget-container\">\n\t\t\t\t\t\t\t\t\t<p style=\"text-align: center;\"><span style=\"background-color: var(--wp--preset--color--background);\">An\u00e1lise <strong><span style=\"background-color: var(--wp--preset--color--background); color: #ff0000;\">GRATUITA <\/span><\/strong>do seu caso. <\/span>Um <strong>advogado especialista<\/strong> est\u00e1 te <strong>aguardando<\/strong>. Voc\u00ea ser\u00e1 redirecionado automaticamente para o WhatsApp. Envie a mensagem pr\u00e9-definida.<\/p>\t\t\t\t\t\t\t\t<\/div>\n\t\t\t\t<\/div>\n\t\t\t\t<div class=\"elementor-element elementor-element-9e2be15 elementor-countdown--label-block elementor-widget elementor-widget-countdown\" data-id=\"9e2be15\" data-element_type=\"widget\" data-e-type=\"widget\" data-widget_type=\"countdown.default\">\n\t\t\t\t<div class=\"elementor-widget-container\">\n\t\t\t\t\t\t\t<div data-evergreen-interval=\"5.4\" data-expire-actions=\"[{&quot;type&quot;:&quot;redirect&quot;,&quot;redirect_url&quot;:&quot;https:\\\/\\\/api.whatsapp.com\\\/send?phone=553125550568&#038;text=Ol%C3%A1,%20gostaria%20de%20conversar%20com%20um%20advogado%20especialista%20em%20exame%20psicol%C3%B3gico%20para%20concursos.&quot;}]\" class=\"elementor-countdown-wrapper\" data-date=\"\">\n\t\t\t<div class=\"elementor-countdown-item\"><span class=\"elementor-countdown-digits elementor-countdown-seconds\"><\/span> <span class=\"elementor-countdown-label\">Segundos<\/span><\/div>\t\t<\/div>\n\t\t\t\t\t\t<\/div>\n\t\t\t\t<\/div>\n\t\t\t\t\t<\/div>\n\t\t\t\t<\/div>\n\t\t\t\t<\/div>\n\t\t","protected":false},"excerpt":{"rendered":"<p>An\u00e1lise GRATUITA do seu caso. Um advogado especialista est\u00e1 te aguardando. Voc\u00ea ser\u00e1 redirecionado automaticamente para o WhatsApp. Envie a mensagem pr\u00e9-definida. Segundos<\/p>\n","protected":false},"author":1,"featured_media":0,"parent":0,"menu_order":0,"comment_status":"closed","ping_status":"closed","template":"","meta":{"inline_featured_image":false,"footnotes":""},"class_list":["post-885","page","type-page","status-publish","hentry"],"_links":{"self":[{"href":"https:\/\/advocaciaparaconcursos.com.br\/lp\/wp-json\/wp\/v2\/pages\/885","targetHints":{"allow":["GET"]}}],"collection":[{"href":"https:\/\/advocaciaparaconcursos.com.br\/lp\/wp-json\/wp\/v2\/pages"}],"about":[{"href":"https:\/\/advocaciaparaconcursos.com.br\/lp\/wp-json\/wp\/v2\/types\/page"}],"author":[{"embeddable":true,"href":"https:\/\/advocaciaparaconcursos.com.br\/lp\/wp-json\/wp\/v2\/users\/1"}],"replies":[{"embeddable":true,"href":"https:\/\/advocaciaparaconcursos.com.br\/lp\/wp-json\/wp\/v2\/comments?post=885"}],"version-history":[{"count":16,"href":"https:\/\/advocaciaparaconcursos.com.br\/lp\/wp-json\/wp\/v2\/pages\/885\/revisions"}],"predecessor-version":[{"id":1249,"href":"https:\/\/advocaciaparaconcursos.com.br\/lp\/wp-json\/wp\/v2\/pages\/885\/revisions\/1249"}],"wp:attachment":[{"href":"https:\/\/advocaciaparaconcursos.com.br\/lp\/wp-json\/wp\/v2\/media?parent=885"}],"curies":[{"name":"wp","href":"https:\/\/api.w.org\/{rel}","templated":true}]}}